{"id":96,"date":"2022-03-30T12:38:04","date_gmt":"2022-03-30T12:38:04","guid":{"rendered":"https:\/\/beta.callcentercom.de\/?page_id=96"},"modified":"2023-04-17T14:54:56","modified_gmt":"2023-04-17T12:54:56","slug":"dienstleistung","status":"publish","type":"page","link":"https:\/\/www.callcentercom.de\/index.php\/dienstleistung\/","title":{"rendered":"Dienstleistung"},"content":{"rendered":"\n[et_pb_section fb_built=&#8220;1&#8243; theme_builder_area=&#8220;post_content&#8220; _builder_version=&#8220;4.15.1&#8243; _module_preset=&#8220;default&#8220;][et_pb_row _builder_version=&#8220;4.15.1&#8243; _module_preset=&#8220;default&#8220; theme_builder_area=&#8220;post_content&#8220;][et_pb_column _builder_version=&#8220;4.15.1&#8243; _module_preset=&#8220;default&#8220; type=&#8220;4_4&#8243; theme_builder_area=&#8220;post_content&#8220;][et_pb_text _builder_version=&#8220;4.15.1&#8243; _module_preset=&#8220;default&#8220; theme_builder_area=&#8220;post_content&#8220; hover_enabled=&#8220;0&#8243; sticky_enabled=&#8220;0&#8243;]<h1 class=\"uk-article-title\">Dienstleistung<\/h1>\n<p>Wir bieten Ihnen alle Leistungen rund um die Uhr an 365 Tagen im Jahr an, sodass Ihren Kundenbed\u00fcrfnissen gerecht werden k\u00f6nnen.<\/p>\n<h3>Unsere 24h Callcenter-Leistungen im \u00dcberblick:<\/h3>\n<p>&nbsp;<\/p>\n<ul>\n<li><a href=\"#assistance\">Bearbeitung von Assistance-Leistungen<\/a><\/li>\n<li><a href=\"#customercare\">\u00dcbernahme von Customer Care Leistungen<\/a><\/li>\n<li><a href=\"#bestellannahme\">Abwicklung telefonischer Bestellannahme<\/a><\/li>\n<li><a href=\"#kundenberatung\">Abwicklung telefonischer Kundenberatung<\/a><\/li>\n<li><a href=\"#\">Beschwerdeannahme und das Beschwerdemanagement (Beschwerdehotline)<\/a><\/li>\n<li><a href=\"#\">Telefonzentrale &amp; Sekretariatsservice<\/a><\/li>\n<li>24-Stunden-Hotline, z. B. Havarie-Hotline<\/li>\n<li>Annahme und Weiterleitung von St\u00f6rungsmeldungen<\/li>\n<li>Abwicklung von Nachfassaktionen, Kundenpflege und Adressqualifizierung<\/li>\n<li>Terminvereinbarungen f\u00fcr Messen und Veranstaltungen<\/li>\n<li>Durchf\u00fchrung von Zufriedenheitsanalysen<\/li>\n<li>Aktualisierung von Datenbanken<\/li>\n<\/ul>\n<p>F\u00fcr weitere Informationen zu unseren Leistungen oder f\u00fcr ein Angebot entsprechend Ihren Bed\u00fcrfnissen, stehen wir Ihnen jederzeit zur Verf\u00fcgung und rufen Sie auch gerne zur\u00fcck.<\/p>[\/et_pb_text][et_pb_button button_text=&#8220;Jetzt Angebot anfordern!&#8220; _builder_version=&#8220;4.15.1&#8243; _module_preset=&#8220;default&#8220; theme_builder_area=&#8220;post_content&#8220; custom_button=&#8220;on&#8220; button_bg_color=&#8220;#0C71C3&#8243; button_bg_enable_color=&#8220;on&#8220; button_border_color=&#8220;#0C71C3&#8243; button_icon=&#8220;&#x3d;||divi||400&#8243; hover_enabled=&#8220;0&#8243; sticky_enabled=&#8220;0&#8243; button_alignment=&#8220;center&#8220;][\/et_pb_button][\/et_pb_column][\/et_pb_row][et_pb_row _builder_version=&#8220;4.15.1&#8243; _module_preset=&#8220;default&#8220; theme_builder_area=&#8220;post_content&#8220; module_id=&#8220;assistance&#8220; hover_enabled=&#8220;0&#8243; sticky_enabled=&#8220;0&#8243;][et_pb_column _builder_version=&#8220;4.15.1&#8243; _module_preset=&#8220;default&#8220; type=&#8220;4_4&#8243; theme_builder_area=&#8220;post_content&#8220;][et_pb_text _builder_version=&#8220;4.15.1&#8243; _module_preset=&#8220;default&#8220; theme_builder_area=&#8220;post_content&#8220; hover_enabled=&#8220;0&#8243; sticky_enabled=&#8220;0&#8243;]<h2 class=\"uk-article-title\">Assistance Leistungen rund um die Uhr<\/h2>\n<p>Als Assistance-Abteilung in Ihrem Namen nehmen wir Notf\u00e4lle jeder Art auf und koordinieren und veranlassen nach Ihren Vorgaben die entsprechenden Eins\u00e4tze oder Dienste. Ob Unfall, Panne oder Notfall, wir sorgen f\u00fcr die schnelle Hilfe und Mobilit\u00e4t Ihrer Kunden. Durch eine freundliche und kompetente Gespr\u00e4chsf\u00fchrung sowie das notwendige Einf\u00fchlungsverm\u00f6gen k\u00f6nnen unsere Mitarbeiter der Situation entsprechend angepasst reagieren.<br \/><br \/><\/p>\n<h3>Allgemeiner Leistungsumfang:<\/h3>\n<ul>\n<li>Anruf-\/Problemaufnahme<\/li>\n<li>Fallbearbeitung oder -Weiterleitung<\/li>\n<li>Bereitstellung einer Service-Telefon- oder -Faxnummer<\/li>\n<li>Erreichbarkeit rund um die Uhr an 365 Tagen im Jahr oder Mo. bis Fr. innerhalb der allg. Gesch\u00e4ftszeiten<\/li>\n<li>Statistische Auswertung der F\u00e4lle<\/li>\n<li>Transparente Abrechnung<\/li>\n<li>Monatliche Call-Auswertungen<\/li>\n<li>Abrechnung auf Wunsch pro Call, pro Minute oder pro Fall<\/li>\n<li>W\u00fcnschen Sie weitere Informationen zu unseren Assistance-Leistungen, stehen wir Ihnen jederzeit zur Verf\u00fcgung und rufen Sie auch gerne zur\u00fcck.<\/li>\n<\/ul>[\/et_pb_text][et_pb_button button_text=&#8220;Jetzt Angebot anfordern!&#8220; _builder_version=&#8220;4.15.1&#8243; _module_preset=&#8220;default&#8220; theme_builder_area=&#8220;post_content&#8220; custom_button=&#8220;on&#8220; button_bg_color=&#8220;#0C71C3&#8243; button_bg_enable_color=&#8220;on&#8220; button_border_color=&#8220;#0C71C3&#8243; button_icon=&#8220;&#x3d;||divi||400&#8243; hover_enabled=&#8220;0&#8243; sticky_enabled=&#8220;0&#8243; button_alignment=&#8220;center&#8220;][\/et_pb_button][\/et_pb_column][\/et_pb_row][et_pb_row _builder_version=&#8220;4.15.1&#8243; _module_preset=&#8220;default&#8220; theme_builder_area=&#8220;post_content&#8220; module_id=&#8220;customercare&#8220; hover_enabled=&#8220;0&#8243; sticky_enabled=&#8220;0&#8243;][et_pb_column _builder_version=&#8220;4.15.1&#8243; _module_preset=&#8220;default&#8220; type=&#8220;4_4&#8243; theme_builder_area=&#8220;post_content&#8220;][et_pb_text _builder_version=&#8220;4.15.1&#8243; _module_preset=&#8220;default&#8220; theme_builder_area=&#8220;post_content&#8220; hover_enabled=&#8220;0&#8243; sticky_enabled=&#8220;0&#8243;]<h1>Customer Care<\/h1>\n<p>Unser Call-Center kann alle Kommunikationswege bedienen. Dazu z\u00e4hlen der Kontakt per Fax ebenso wie die rasch wachsende Zahl an E-Mails und die Kontakte, die \u00fcber die Webseiten eines Unternehmens zustande kommen.<\/p>\n<p>Wir nehmen nicht nur Anrufe an , sondern bearbeiten sie auch, egal ob es um Adress\u00e4nderungen bei Kunden, Terminvereinbarungen oder das Anfordern von Unterlagen geht. Wir leben Dienstleistung, damit sich Ihre Kunden mit jedem Anliegen und zu jeder Zeit bei Ihnen wohlf\u00fchlen.<\/p>\n<p>F\u00fcr weitere Informationen zu unseren Leistungen oder einem Angebotsvorschlag nach Ihren Bed\u00fcrfnissen stehen wir Ihnen jederzeit zur Verf\u00fcgung und rufen Sie auch gerne zur\u00fcck.<\/p>[\/et_pb_text][et_pb_button button_text=&#8220;Jetzt Angebot anfordern!&#8220; _builder_version=&#8220;4.15.1&#8243; _module_preset=&#8220;default&#8220; theme_builder_area=&#8220;post_content&#8220; custom_button=&#8220;on&#8220; button_bg_color=&#8220;#0C71C3&#8243; button_bg_enable_color=&#8220;on&#8220; button_border_color=&#8220;#0C71C3&#8243; button_icon=&#8220;&#x3d;||divi||400&#8243; hover_enabled=&#8220;0&#8243; sticky_enabled=&#8220;0&#8243; button_alignment=&#8220;center&#8220;][\/et_pb_button][\/et_pb_column][\/et_pb_row][et_pb_row _builder_version=&#8220;4.15.1&#8243; _module_preset=&#8220;default&#8220; theme_builder_area=&#8220;post_content&#8220; hover_enabled=&#8220;0&#8243; sticky_enabled=&#8220;0&#8243;][et_pb_column _builder_version=&#8220;4.15.1&#8243; _module_preset=&#8220;default&#8220; type=&#8220;4_4&#8243; theme_builder_area=&#8220;post_content&#8220;][et_pb_text _builder_version=&#8220;4.15.1&#8243; _module_preset=&#8220;default&#8220; theme_builder_area=&#8220;post_content&#8220; module_id=&#8220;bestellannahme&#8220; hover_enabled=&#8220;0&#8243; sticky_enabled=&#8220;0&#8243;]<h1 class=\"uk-article-title\">Abwicklung telefonischer Bestellannahme<\/h1>\n<p>Die Auftrags- und Bestellannahme muss auf einem hochgradig optimierten Arbeitsablauf basieren und Erreichbarkeit ist hier oberstes Gebot, da jeder Anruf, der nicht bedient wird, mit finanziellen Einbu\u00dfen verbunden sein kann.<\/p>\n<p>Unsere extra daf\u00fcr ausgebildeten Mitarbeiter nehmen kompetent rund um die Uhr an 365 Tagen im Jahr f\u00fcr Sie die Bestellungen und Auftr\u00e4ge pers\u00f6nlich auf und bearbeiten sie umgehend nach Ihren Vorgaben. Auf Wunsch arbeiten wir auch direkt mit Ihrem Programm, um so Verz\u00f6gerungen durch einen zus\u00e4tzlichen Datentransfer zu vermeiden. Eine Sonderform der Bestellannahme sind Reservierungen und auch hier stehen wir unterst\u00fctzend und beratend zur Seite. F\u00fcr uns spielt es keine Rolle, ob die W\u00fcnsche per Telefon, E-Mail oder Fax zu uns gelangen, wir garantieren in jedem Fall eine schnelle Bearbeitung Ihrer Kundenw\u00fcnsche.<\/p>\n<p>F\u00fcr weitere Informationen zu unseren Leistungen oder einem Angebotsvorschlag nach Ihren Bed\u00fcrfnissen stehen wir Ihnen jederzeit zur Verf\u00fcgung und rufen Sie auch gerne zur\u00fcck<\/p>[\/et_pb_text][et_pb_button button_text=&#8220;Jetzt Angebot anfordern!&#8220; _builder_version=&#8220;4.15.1&#8243; _module_preset=&#8220;default&#8220; theme_builder_area=&#8220;post_content&#8220; custom_button=&#8220;on&#8220; button_bg_color=&#8220;#0C71C3&#8243; button_bg_enable_color=&#8220;on&#8220; button_border_color=&#8220;#0C71C3&#8243; button_icon=&#8220;&#x3d;||divi||400&#8243; hover_enabled=&#8220;0&#8243; sticky_enabled=&#8220;0&#8243; button_alignment=&#8220;center&#8220;][\/et_pb_button][\/et_pb_column][\/et_pb_row][et_pb_row _builder_version=&#8220;4.15.1&#8243; _module_preset=&#8220;default&#8220; theme_builder_area=&#8220;post_content&#8220; module_id=&#8220;Kundenber&#8220;][et_pb_column _builder_version=&#8220;4.15.1&#8243; _module_preset=&#8220;default&#8220; type=&#8220;4_4&#8243; theme_builder_area=&#8220;post_content&#8220;][et_pb_text _builder_version=&#8220;4.15.1&#8243; _module_preset=&#8220;default&#8220; theme_builder_area=&#8220;post_content&#8220; module_id=&#8220;kundenberatung&#8220; hover_enabled=&#8220;0&#8243; sticky_enabled=&#8220;0&#8243;]<h2 class=\"uk-article-title\">Abwicklung telefonischer Kundenberatung<\/h2>\n<p>M\u00f6chten Sie Ihr Produktangebot durch zus\u00e4tzliche Serviceleistungen differenzieren? Nach Ihren Vorgaben beantwortet unser Call-Center Ihren Kunden alle Fragen zu einem Produkt oder unterst\u00fctzt und ber\u00e4t sie gerne bei deren Anwendung. Die hohe Serviceorientierung unseres Call-Centers \u00e4u\u00dfert sich durch gute Erreichbarkeit, kurze Wartezeiten, freundliche, kompetente Gespr\u00e4chsf\u00fchrung und die schnelle Versorgung Ihrer Kunden mit den gew\u00fcnschten Informationen noch w\u00e4hrend des Gespr\u00e4ches.<br \/><br \/><\/p>\n<h3>Allgemeiner Leistungsumfang<\/h3>\n<ul>\n<li>Anrufannahme in Ihrem Namen<\/li>\n<li>Unterst\u00fctzung und Beratung der Kunden nach Ihren Vorgaben<\/li>\n<li>Auswertungen zum Anlass der Anrufe, Produkte oder Informationen<\/li>\n<li>Bereitstellung einer Service-Telefon- oder -Faxnummer Erreichbarkeit rund um die Uhr an 365 Tagen im Jahr oder<\/li>\n<li>Mo. bis Fr. innerhalb der allg. Gesch\u00e4ftszeiten<\/li>\n<li>Flexibilit\u00e4t<\/li>\n<li>Transparente Abrechnung<\/li>\n<li>Monatliche Call-Auswertungen<\/li>\n<\/ul>[\/et_pb_text][et_pb_button button_text=&#8220;Jetzt Angebot anfordern!&#8220; _builder_version=&#8220;4.15.1&#8243; _module_preset=&#8220;default&#8220; theme_builder_area=&#8220;post_content&#8220; custom_button=&#8220;on&#8220; button_bg_color=&#8220;#0C71C3&#8243; button_bg_enable_color=&#8220;on&#8220; button_border_color=&#8220;#0C71C3&#8243; button_icon=&#8220;&#x3d;||divi||400&#8243; hover_enabled=&#8220;0&#8243; sticky_enabled=&#8220;0&#8243; button_alignment=&#8220;center&#8220;][\/et_pb_button][\/et_pb_column][\/et_pb_row][et_pb_row _builder_version=&#8220;4.15.1&#8243; _module_preset=&#8220;default&#8220; theme_builder_area=&#8220;post_content&#8220; hover_enabled=&#8220;0&#8243; sticky_enabled=&#8220;0&#8243;][et_pb_column _builder_version=&#8220;4.15.1&#8243; _module_preset=&#8220;default&#8220; type=&#8220;4_4&#8243; theme_builder_area=&#8220;post_content&#8220;][et_pb_text _builder_version=&#8220;4.15.1&#8243; _module_preset=&#8220;default&#8220; theme_builder_area=&#8220;post_content&#8220; hover_enabled=&#8220;0&#8243; sticky_enabled=&#8220;0&#8243; module_id=&#8220;rekla&#8220;]<h2 class=\"uk-article-title\">Beschwerdemanagement &amp; Reklamationsmanagement<\/h2>\n<p>Das Reklamations- und Beschwerdemanagement ist sicherlich einer der wichtigsten Bereiche, wenn es um die langfristige Kundenbindung und die Verbesserung Ihres Produktportfolios geht.<\/p>\n<p>Wir nehmen uns mit Fingerspitzengef\u00fchl Ihrer Kunden an, wenn sie ein Problem oder eine Beschwerde haben.<\/p>\n<p>Unser gut geschultes Personal ermittelt freundlich, verbindlich, objektiv und verst\u00e4ndnisvoll die Quelle des \u00c4rgers.<\/p>\n<p>Die effiziente Bearbeitung und Verfolgung dieser Servicef\u00e4lle wird ebenfalls durch unser Serviceteam abgedeckt und nach Ihren Vorgaben wird dem Kunden schnell geholfen. Durch ein leistungsf\u00e4higes Zusammenspiel von Mensch und Technik ist es uns m\u00f6glich, sowohl mit dem Faktor Mensch auf der pers\u00f6nliche Ebene die Verbundenheit mit Ihrem Unternehmen zu erhalten, als auch technisch eine schnelle und jederzeit dokumentierte Probleml\u00f6sung sicherzustellen.<\/p>\n<p>F\u00fcr weitere Informationen zu unseren Leistungen oder einem Angebotsvorschlag nach Ihren Bed\u00fcrfnissen stehen wir Ihnen jederzeit zur Verf\u00fcgung und rufen Sie auch gerne zur\u00fcck.<\/p>[\/et_pb_text][et_pb_button button_text=&#8220;Jetzt Angebot anfordern!&#8220; _builder_version=&#8220;4.15.1&#8243; _module_preset=&#8220;default&#8220; theme_builder_area=&#8220;post_content&#8220; custom_button=&#8220;on&#8220; button_bg_color=&#8220;#0C71C3&#8243; button_bg_enable_color=&#8220;on&#8220; button_border_color=&#8220;#0C71C3&#8243; button_icon=&#8220;&#x3d;||divi||400&#8243; hover_enabled=&#8220;0&#8243; sticky_enabled=&#8220;0&#8243; button_alignment=&#8220;center&#8220;][\/et_pb_button][\/et_pb_column][\/et_pb_row][et_pb_row _builder_version=&#8220;4.15.1&#8243; _module_preset=&#8220;default&#8220; theme_builder_area=&#8220;post_content&#8220;][et_pb_column _builder_version=&#8220;4.15.1&#8243; _module_preset=&#8220;default&#8220; type=&#8220;4_4&#8243; theme_builder_area=&#8220;post_content&#8220;][et_pb_text _builder_version=&#8220;4.15.1&#8243; _module_preset=&#8220;default&#8220; theme_builder_area=&#8220;post_content&#8220; module_id=&#8220;telefonzentrale&#8220; hover_enabled=&#8220;0&#8243; sticky_enabled=&#8220;0&#8243;]<h2>Telefonzentrale &amp; Sekretariatsservice<\/h2>\n<p>Wir \u00fcbernehmen freundlich und kompetent alle Aufgaben Ihrer Telefonzentrale und leiten Ihre Anrufer entsprechend Ihrer Anforderungen weiter oder verbinden mit dem zust\u00e4ndigen Ansprechpartner. Sollte der Gespr\u00e4chspartner nicht erreichbar sein, nehmen wir die Daten und die Nachricht des Anrufers entgegen und \u00fcbermitteln Sie nach Ihrem Wunsch (Fax, E-Mail oder SMS).<br \/><br \/><\/p>\n<h3>Allgemeiner Leistungsumfang:<\/h3>\n<ul>\n<li>Anrufannahme mit Ihrem Firmennamen<\/li>\n<li>Rund um die Uhr an 365 Tagen im Jahr oder zu den allgemeinen Gesch\u00e4ftszeiten<\/li>\n<li>Gespr\u00e4chsf\u00fchrung nach Ihren Vorgaben<\/li>\n<li>Daten- und Nachrichtenaufnahme in Standard- oder Spezialdatenmaske<\/li>\n<li>Reporting und Dokumentation aller Anrufe<\/li>\n<li>Sofortige Benachrichtigung auf Wunsch<\/li>\n<li>Daten- und Nachrichtenweiterleitung per Fax, E-Mail oder SMS<\/li>\n<li>Individuelle Rufnummer<\/li>\n<\/ul>[\/et_pb_text][\/et_pb_column][\/et_pb_row][\/et_pb_section]\n","protected":false},"excerpt":{"rendered":"<p>Dienstleistung Wir bieten Ihnen alle Leistungen rund um die Uhr an 365 Tagen im Jahr an, sodass Ihren Kundenbed\u00fcrfnissen gerecht werden k\u00f6nnen. Unsere 24h Callcenter-Leistungen im \u00dcberblick: &nbsp; Bearbeitung von Assistance-Leistungen \u00dcbernahme von Customer Care Leistungen Abwicklung telefonischer Bestellannahme Abwicklung telefonischer Kundenberatung Beschwerdeannahme und das Beschwerdemanagement (Beschwerdehotline) Telefonzentrale &amp; Sekretariatsservice 24-Stunden-Hotline, z. B. Havarie-Hotline Annahme [&hellip;]<\/p>\n","protected":false},"author":1,"featured_media":0,"parent":0,"menu_order":0,"comment_status":"closed","ping_status":"closed","template":"","meta":{"_seopress_robots_primary_cat":"","_seopress_titles_title":"","_seopress_titles_desc":"","_seopress_robots_index":"","_et_pb_use_builder":"on","_et_pb_old_content":"","_et_gb_content_width":"","footnotes":""},"class_list":["post-96","page","type-page","status-publish"],"_links":{"self":[{"href":"https:\/\/www.callcentercom.de\/index.php\/wp-json\/wp\/v2\/pages\/96","targetHints":{"allow":["GET"]}}],"collection":[{"href":"https:\/\/www.callcentercom.de\/index.php\/wp-json\/wp\/v2\/pages"}],"about":[{"href":"https:\/\/www.callcentercom.de\/index.php\/wp-json\/wp\/v2\/types\/page"}],"author":[{"embeddable":true,"href":"https:\/\/www.callcentercom.de\/index.php\/wp-json\/wp\/v2\/users\/1"}],"replies":[{"embeddable":true,"href":"https:\/\/www.callcentercom.de\/index.php\/wp-json\/wp\/v2\/comments?post=96"}],"version-history":[{"count":7,"href":"https:\/\/www.callcentercom.de\/index.php\/wp-json\/wp\/v2\/pages\/96\/revisions"}],"predecessor-version":[{"id":167,"href":"https:\/\/www.callcentercom.de\/index.php\/wp-json\/wp\/v2\/pages\/96\/revisions\/167"}],"wp:attachment":[{"href":"https:\/\/www.callcentercom.de\/index.php\/wp-json\/wp\/v2\/media?parent=96"}],"curies":[{"name":"wp","href":"https:\/\/api.w.org\/{rel}","templated":true}]}}