{"id":23,"date":"2022-03-28T13:50:54","date_gmt":"2022-03-28T13:50:54","guid":{"rendered":"https:\/\/beta.callcentercom.de\/?page_id=23"},"modified":"2022-03-30T13:54:54","modified_gmt":"2022-03-30T13:54:54","slug":"startseite","status":"publish","type":"page","link":"https:\/\/www.callcentercom.de\/","title":{"rendered":"Startseite"},"content":{"rendered":"<p>[et_pb_section fb_built=&#8220;1&#8243; fullwidth=&#8220;on&#8220; _builder_version=&#8220;4.15.1&#8243; _module_preset=&#8220;default&#8220; background_enable_image=&#8220;off&#8220; hover_enabled=&#8220;0&#8243; global_colors_info=&#8220;{}&#8220; sticky_enabled=&#8220;0&#8243;][et_pb_fullwidth_slider _builder_version=&#8220;4.15.1&#8243; _module_preset=&#8220;default&#8220; background_image=&#8220;https:\/\/www.callcentercom.de\/wp-content\/uploads\/2022\/03\/24h-callcenter-job.jpg&#8220; background_blend=&#8220;darken&#8220; hover_enabled=&#8220;0&#8243; global_colors_info=&#8220;{}&#8220; sticky_enabled=&#8220;0&#8243; max_height=&#8220;500px&#8220; max_height_last_edited=&#8220;on|desktop&#8220; max_height_tablet=&#8220;400px&#8220; max_height_phone=&#8220;210px&#8220; mix_blend_mode=&#8220;darken&#8220; animation_style=&#8220;fade&#8220; use_bg_overlay=&#8220;off&#8220; use_text_overlay=&#8220;off&#8220;][et_pb_slide heading=&#8220;Bewirb dich jetzt! Profil24, dein neuer Arbeitgeber&#8220; button_text=&#8220;Hier geht es zum Job!&#8220; button_link=&#8220;@ET-DC@eyJkeW5hbWljIjp0cnVlLCJjb250ZW50IjoicG9zdF9saW5rX3VybF9wYWdlIiwic2V0dGluZ3MiOnsicG9zdF9pZCI6IjUwIn19@&#8220; _builder_version=&#8220;4.15.1&#8243; _dynamic_attributes=&#8220;button_link&#8220; _module_preset=&#8220;default&#8220; background_color=&#8220;#FFFFFF&#8220; background_enable_color=&#8220;on&#8220; custom_button=&#8220;on&#8220; button_border_color=&#8220;#FFFFFF&#8220; button_on_hover=&#8220;on&#8220; hover_enabled=&#8220;0&#8243; global_colors_info=&#8220;{}&#8220; sticky_transition=&#8220;on&#8220; sticky_enabled=&#8220;0&#8243; use_bg_overlay=&#8220;off&#8220;][\/et_pb_slide][\/et_pb_fullwidth_slider][\/et_pb_section][et_pb_section fb_built=&#8220;1&#8243; _builder_version=&#8220;4.15.1&#8243; _module_preset=&#8220;default&#8220; global_colors_info=&#8220;{}&#8220;][et_pb_row _builder_version=&#8220;4.15.1&#8243; _module_preset=&#8220;default&#8220; global_colors_info=&#8220;{}&#8220;][et_pb_column type=&#8220;4_4&#8243; _builder_version=&#8220;4.15.1&#8243; _module_preset=&#8220;default&#8220; global_colors_info=&#8220;{}&#8220;][et_pb_text _builder_version=&#8220;4.15.1&#8243; _module_preset=&#8220;default&#8220; global_colors_info=&#8220;{}&#8220;]<\/p>\n<h3 class=\"uk-h1 uk-margin-large-bottom\" style=\"text-align: center;\">Herzlich Willkommen bei Profil Dienstleistungen!<br class=\"uk-hidden-small\" \/>Was k\u00f6nnen wir f\u00fcr Sie tun ?<\/h3>\n<p style=\"text-align: center;\">Professionelle Kommunikationsdienstleistung im 24h Callcenter am attraktiven Standort Berlin.<\/p>\n<p>[\/et_pb_text][\/et_pb_column][\/et_pb_row][et_pb_row column_structure=&#8220;1_2,1_2&#8243; _builder_version=&#8220;4.15.1&#8243; _module_preset=&#8220;default&#8220; global_colors_info=&#8220;{}&#8220;][et_pb_column type=&#8220;1_2&#8243; _builder_version=&#8220;4.15.1&#8243; _module_preset=&#8220;default&#8220; global_colors_info=&#8220;{}&#8220;][et_pb_blurb title=&#8220;Das machen wir:&#8220; _builder_version=&#8220;4.15.1&#8243; _module_preset=&#8220;default&#8220; min_height=&#8220;375px&#8220; hover_enabled=&#8220;0&#8243; global_colors_info=&#8220;{}&#8220; sticky_enabled=&#8220;0&#8243;]<\/p>\n<ul>\n<li>Bearbeitung von Assistance-Leistungen<\/li>\n<li>\u00dcbernahme von Customer Care Leistungen<\/li>\n<li>Durchf\u00fchrung von Zufriedenheitsanalysen<\/li>\n<li>Aktualisierung von Datenbanken<\/li>\n<li>Abwicklung telefonischer Bestellannahme und Kundenberatung<\/li>\n<li>Abwicklung von Nachfassaktionen, Kundenpflege und Adressqualifizierung<\/li>\n<li>Beschwerdeannahme und das Beschwerdemanagement (Beschwerdehotline)<\/li>\n<li>Annahme und Weiterleitung von St\u00f6rungsmeldungen<\/li>\n<li>24-Stunden-Hotline, z. B. Havarie-Hotline<\/li>\n<li>Terminvereinbarungen f\u00fcr Messen und Veranstaltungen<\/li>\n<\/ul>\n<p>[\/et_pb_blurb][et_pb_button button_text=&#8220;Jetzt Angebot anfordern!&#8220; button_alignment=&#8220;center&#8220; _builder_version=&#8220;4.15.1&#8243; _module_preset=&#8220;default&#8220; custom_button=&#8220;on&#8220; button_bg_color=&#8220;#0C71C3&#8243; button_border_color=&#8220;#0C71C3&#8243; button_icon=&#8220;&#x3d;||divi||400&#8243; hover_enabled=&#8220;0&#8243; global_colors_info=&#8220;{}&#8220; button_url=&#8220;@ET-DC@eyJkeW5hbWljIjp0cnVlLCJjb250ZW50IjoicG9zdF9saW5rX3VybF9wYWdlIiwic2V0dGluZ3MiOnsicG9zdF9pZCI6Ijc1In19@&#8220; _dynamic_attributes=&#8220;button_url&#8220; sticky_enabled=&#8220;0&#8243;][\/et_pb_button][\/et_pb_column][et_pb_column type=&#8220;1_2&#8243; _builder_version=&#8220;4.15.1&#8243; _module_preset=&#8220;default&#8220; global_colors_info=&#8220;{}&#8220;][et_pb_blurb _builder_version=&#8220;4.15.1&#8243; _module_preset=&#8220;default&#8220; min_height=&#8220;375px&#8220; custom_padding=&#8220;||0px|||&#8220; hover_enabled=&#8220;0&#8243; global_colors_info=&#8220;{}&#8220; sticky_enabled=&#8220;0&#8243;]<\/p>\n<p>Wir sind Ihr Ansprechpartner im Bereich Kommunikation und Dienstleistung. Als Spezialist im Bereich Callcenter-Dienstleistungen sorgen wir bei einer Kostenreduzierung f\u00fcr eine Qualit\u00e4tssteigerung durch die Einbringung unserer Erfahrungen. Dadurch k\u00f6nnen neue innovative Ideen umgesetzt werden und auf Ihr Kerngesch\u00e4ft abgestimmt werden. Die zwei S\u00e4ulen, f\u00fcr die erfolgreiche Umsetzung Ihrer Projekte, sind unsere gut ausgebildeten und umfassend geschulten Callcenter-Agents sowie die Bereitstellung der n\u00f6tigen Infrastruktur, denn nur dadurch schaffen wir die Voraussetzungen f\u00fcr Effizienz und Produktivit\u00e4t.<\/p>\n<p>Dass wir Ihnen daf\u00fcr mit unserem Callcenter an 365 Tagen, 24\/7, 24h rund um die Uhr zur Verf\u00fcgung stehen, ist selbstverst\u00e4ndlich und geh\u00f6rt ebenso zu unserem Service, wie die beratende T\u00e4tigkeit und gemeinsame Weiterentwicklung Ihrer Projekte.<\/p>\n<p>[\/et_pb_blurb][et_pb_button button_text=&#8220;Jetzt Angebot anfordern!&#8220; button_alignment=&#8220;center&#8220; _builder_version=&#8220;4.15.1&#8243; _module_preset=&#8220;default&#8220; custom_button=&#8220;on&#8220; button_bg_color=&#8220;#0C71C3&#8243; button_border_color=&#8220;#0C71C3&#8243; button_icon=&#8220;&#x3d;||divi||400&#8243; hover_enabled=&#8220;0&#8243; global_colors_info=&#8220;{}&#8220; button_url=&#8220;@ET-DC@eyJkeW5hbWljIjp0cnVlLCJjb250ZW50IjoicG9zdF9saW5rX3VybF9wYWdlIiwic2V0dGluZ3MiOnsicG9zdF9pZCI6Ijc1In19@&#8220; _dynamic_attributes=&#8220;button_url&#8220; sticky_enabled=&#8220;0&#8243;][\/et_pb_button][\/et_pb_column][\/et_pb_row][\/et_pb_section]<\/p>\n","protected":false},"excerpt":{"rendered":"<p>Herzlich Willkommen bei Profil Dienstleistungen!Was k\u00f6nnen wir f\u00fcr Sie tun ? Professionelle Kommunikationsdienstleistung im 24h Callcenter am attraktiven Standort Berlin. Bearbeitung von Assistance-Leistungen \u00dcbernahme von Customer Care Leistungen Durchf\u00fchrung von Zufriedenheitsanalysen Aktualisierung von Datenbanken Abwicklung telefonischer Bestellannahme und Kundenberatung Abwicklung von Nachfassaktionen, Kundenpflege und Adressqualifizierung Beschwerdeannahme und das Beschwerdemanagement (Beschwerdehotline) Annahme und Weiterleitung von St\u00f6rungsmeldungen [&hellip;]<\/p>\n","protected":false},"author":1,"featured_media":0,"parent":0,"menu_order":0,"comment_status":"closed","ping_status":"closed","template":"","meta":{"_seopress_robots_primary_cat":"","_seopress_titles_title":"","_seopress_titles_desc":"","_seopress_robots_index":"","_et_pb_use_builder":"on","_et_pb_old_content":"","_et_gb_content_width":"","footnotes":""},"class_list":["post-23","page","type-page","status-publish"],"_links":{"self":[{"href":"https:\/\/www.callcentercom.de\/index.php\/wp-json\/wp\/v2\/pages\/23","targetHints":{"allow":["GET"]}}],"collection":[{"href":"https:\/\/www.callcentercom.de\/index.php\/wp-json\/wp\/v2\/pages"}],"about":[{"href":"https:\/\/www.callcentercom.de\/index.php\/wp-json\/wp\/v2\/types\/page"}],"author":[{"embeddable":true,"href":"https:\/\/www.callcentercom.de\/index.php\/wp-json\/wp\/v2\/users\/1"}],"replies":[{"embeddable":true,"href":"https:\/\/www.callcentercom.de\/index.php\/wp-json\/wp\/v2\/comments?post=23"}],"version-history":[{"count":19,"href":"https:\/\/www.callcentercom.de\/index.php\/wp-json\/wp\/v2\/pages\/23\/revisions"}],"predecessor-version":[{"id":160,"href":"https:\/\/www.callcentercom.de\/index.php\/wp-json\/wp\/v2\/pages\/23\/revisions\/160"}],"wp:attachment":[{"href":"https:\/\/www.callcentercom.de\/index.php\/wp-json\/wp\/v2\/media?parent=23"}],"curies":[{"name":"wp","href":"https:\/\/api.w.org\/{rel}","templated":true}]}}