{"id":17,"date":"2022-03-28T13:36:55","date_gmt":"2022-03-28T13:36:55","guid":{"rendered":"https:\/\/beta.callcentercom.de\/?page_id=17"},"modified":"2022-03-28T13:38:33","modified_gmt":"2022-03-28T13:38:33","slug":"17-2","status":"publish","type":"page","link":"https:\/\/www.callcentercom.de\/index.php\/17-2\/","title":{"rendered":"Impressum"},"content":{"rendered":"\n[et_pb_section fb_built=&#8220;1&#8243; theme_builder_area=&#8220;post_content&#8220; _builder_version=&#8220;4.15.1&#8243; _module_preset=&#8220;default&#8220;][et_pb_row _builder_version=&#8220;4.15.1&#8243; _module_preset=&#8220;default&#8220; theme_builder_area=&#8220;post_content&#8220;][et_pb_column _builder_version=&#8220;4.15.1&#8243; _module_preset=&#8220;default&#8220; type=&#8220;4_4&#8243; theme_builder_area=&#8220;post_content&#8220;][et_pb_text _builder_version=&#8220;4.15.1&#8243; _module_preset=&#8220;default&#8220; theme_builder_area=&#8220;post_content&#8220; hover_enabled=&#8220;0&#8243; sticky_enabled=&#8220;0&#8243;]<h1 class=\"uk-article-title\">Impressum<\/h1>\n<p>Profil Dienstleistungen cc GmbH<br \/>Callcenter<br \/>Bismarckstr. 42\/43 <br \/>10627 Berlin<\/p>\n<p>Tel: +49 30 3032020<br \/>Fax: +49 30 303202116<\/p>\n<p>E-Mail: info@callcentercom.de<\/p>\n<p>Internet: <a href=\"http:\/\/www.callcentercom.de\">http:\/\/www.callcentercom.de<\/a><\/p>\n<p>Vertretungsberechtigte Gesch\u00e4ftsf\u00fchrerin: Gabriela Stark<\/p>\n<p>Gesellschaft mit beschr\u00e4nkter Haftung: Sitz Berlin Registergericht: Amtsgericht Berlin-Charlottenburg Registernummer: HRB 48172<\/p>\n<p>UstID: DE 159 338 064<\/p>\n<p>\u00a9Copyright<\/p>\n<p>Alle Teile dieser Internetseiten sind urheberrechtlich gesch\u00fctzt. Vervielf\u00e4ltigung oder Verbreitung, auch auszugsweise, ist verboten. Nachdruck, Vervielf\u00e4ltigung oder Speicherung in Medien aller Art, auch auszugsweise, sind nur mit schriftlicher Erlaubnis des Verfassers und Angabe der Quelle zul\u00e4ssig.<\/p>\n<p>Haftungshinweis<\/p>\n<p>Trotz sorgf\u00e4ltiger inhaltlicher Kontrolle \u00fcbernehmen wir keine Haftung f\u00fcr die Inhalte externer Links. F\u00fcr den Inhalt der verlinkten Seiten sind ausschlie\u00dflich deren Betreiber verantwortlich.<\/p>[\/et_pb_text][\/et_pb_column][\/et_pb_row][\/et_pb_section]\n","protected":false},"excerpt":{"rendered":"<p>Impressum Profil Dienstleistungen cc GmbHCallcenterBismarckstr. 42\/43 10627 Berlin Tel: +49 30 3032020Fax: +49 30 303202116 E-Mail: info@callcentercom.de Internet: http:\/\/www.callcentercom.de Vertretungsberechtigte Gesch\u00e4ftsf\u00fchrerin: Gabriela Stark Gesellschaft mit beschr\u00e4nkter Haftung: Sitz Berlin Registergericht: Amtsgericht Berlin-Charlottenburg Registernummer: HRB 48172 UstID: DE 159 338 064 \u00a9Copyright Alle Teile dieser Internetseiten sind urheberrechtlich gesch\u00fctzt. Vervielf\u00e4ltigung oder Verbreitung, auch auszugsweise, ist verboten. [&hellip;]<\/p>\n","protected":false},"author":1,"featured_media":0,"parent":0,"menu_order":0,"comment_status":"closed","ping_status":"closed","template":"","meta":{"_seopress_robots_primary_cat":"","_seopress_titles_title":"","_seopress_titles_desc":"","_seopress_robots_index":"","_et_pb_use_builder":"on","_et_pb_old_content":"","_et_gb_content_width":"","footnotes":""},"class_list":["post-17","page","type-page","status-publish"],"_links":{"self":[{"href":"https:\/\/www.callcentercom.de\/index.php\/wp-json\/wp\/v2\/pages\/17","targetHints":{"allow":["GET"]}}],"collection":[{"href":"https:\/\/www.callcentercom.de\/index.php\/wp-json\/wp\/v2\/pages"}],"about":[{"href":"https:\/\/www.callcentercom.de\/index.php\/wp-json\/wp\/v2\/types\/page"}],"author":[{"embeddable":true,"href":"https:\/\/www.callcentercom.de\/index.php\/wp-json\/wp\/v2\/users\/1"}],"replies":[{"embeddable":true,"href":"https:\/\/www.callcentercom.de\/index.php\/wp-json\/wp\/v2\/comments?post=17"}],"version-history":[{"count":3,"href":"https:\/\/www.callcentercom.de\/index.php\/wp-json\/wp\/v2\/pages\/17\/revisions"}],"predecessor-version":[{"id":22,"href":"https:\/\/www.callcentercom.de\/index.php\/wp-json\/wp\/v2\/pages\/17\/revisions\/22"}],"wp:attachment":[{"href":"https:\/\/www.callcentercom.de\/index.php\/wp-json\/wp\/v2\/media?parent=17"}],"curies":[{"name":"wp","href":"https:\/\/api.w.org\/{rel}","templated":true}]}}